{"id":1110,"date":"2018-01-29T17:02:49","date_gmt":"2018-01-29T16:02:49","guid":{"rendered":"https:\/\/pa.globestarsrl.com\/?page_id=1110\/"},"modified":"2018-01-29T17:47:10","modified_gmt":"2018-01-29T16:47:10","slug":"condizioni","status":"publish","type":"page","link":"https:\/\/pa.globestarsrl.com\/it\/condizioni\/","title":{"rendered":"Termini e condizioni"},"content":{"rendered":"<p>Globestar Srl offre una garanzia di rimborso a seconda che siano soddisfatte le seguenti condizioni :<\/p>\n<ul>\n<li>la documentazione di spedizione (incluse le etichette) sia stata completata correttamente e il pacco in questione rechi le etichette di carta prodotte usando le soluzioni di spedizione on-line \u201cGlobestar &#8220;;<\/li>\n<li>ogni altra documentazione richiesta dal Paese di origine o destinazione, o da ogni Paese di transito, sia stata preparata in maniera completa e accurata e sia stata allegata al pacco;<\/li>\n<li>nel caso sia applicabile, il pacco rechi un&#8217;etichetta di instradamento di consegna il sabato (per destinazioni per le quali \u00e8 disponibile questo servizio);<\/li>\n<li>la spedizione sia stata presentata a Globestar entro o prima dell&#8217;ora dell&#8217;ultimo ritiro specificato da Globestar per una consegna garantita;<\/li>\n<li>il cliente abbia notificato la richiesta a Globestar per iscritto o per telefono entro 15 giorni dalla data della consegna programmata e abbia indicato a GLOBESTAR il nome e l&#8217;indirizzo del destinatario, la data della spedizione, il peso del pacco e il numero di ricerca GLOBESTAR;<\/li>\n<li>Globestar non si ritene responsabile per gli invii di effetti fragili ( vasi , tv , piatti bicchieri e simili )<\/li>\n<li>A tutte le spedizioni inviate e non saldate o saldate parzialmente saranno addebitate le spese relative lo stoccaggio pari ad 1 euro al giorno a pacco . Dette spedizioni saranno conservate fino ad una massimo di 30 giorni<\/li>\n<\/ul>\n<p>La garanzia non si applica quando il ritardo nella consegna dipende dal fatto che il pacco non soddisfa le restrizioni e condizioni del servizio esposte nelle Condizioni Generali di Trasporto di GLOBESTAR, da eventi che sfuggono al controllo di GLOBESTAR (forza maggiore) o a causa di una sospensione del trasporto o per l&#8217;esercizio di un diritto di pegno in accordo con i termini e le condizioni di GLOBESTAR.<\/p>\n<p>Inoltre, GLOBESTAR si riserva il diritto, a sua sola discrezione, di rifiutare una richiesta di credito o rimborso delle spese di spedizione per un pacco che non sia accompagnato da smart label &#8211; ovvero un&#8217;etichetta prodotta utilizzando le soluzioni di spedizione on line di Globestar &#8211; e dalle opportune informazioni di dettaglio sul pacco (PLD), nel momento in cui viene affidato, come definito nella Guida all&#8217;utilizzo dei servizi.<\/p>\n<p>Responsabilit\u00e0: Ove siano applicabili le norme stabilite dalla Convenzione di Varsavia o dalla Convenzione CMR o altre norme nazionali che attuino tali convenzioni (qui di seguito indicate come \u201cNorme Convenzionali\u201d) o se e nella misura in cui siano applicabili altre disposizioni imperative nazionali, la responsabilit\u00e0 di GLOBESTAR sar\u00e0 regolata e limitata ai sensi di tali norme. Ove le Norme Convenzionali o altre disposizioni nazionali imperative non siano applicabili, GLOBESTAR sar\u00e0 responsabile soltanto per non aver agito con ragionevole attenzione e competenza e la sua responsabilit\u00e0 sar\u00e0 regolata esclusivamente dalle presenti condizioni e (salvo il caso di lesioni personali o morte) tale responsabilit\u00e0 sar\u00e0 limitata ai danni provati non eccedenti il maggiore dei seguenti importi: 130 CHF per spedizione in Svizzera e 85 EUR per spedizione in Italia, o 8,33 Diritti Speciali di Prelievo (DSP) ogni chilogrammo della merce interessata, o in alternativa al valore massimo importabile, secondo le norme doganali, per la destinazione scelta e che il cliente indica al momento della prenotazione<\/p>\n<p>&nbsp;<\/p>\n","protected":false},"excerpt":{"rendered":"<p>Globestar Srl offre una garanzia di rimborso a seconda che siano soddisfatte le seguenti condizioni : la documentazione di spedizione (incluse le etichette) sia stata completata correttamente e il pacco in questione rechi le etichette di carta prodotte usando le soluzioni di spedizione on-line \u201cGlobestar &#8220;; ogni altra documentazione richiesta dal Paese di origine o [&hellip;]<\/p>\n","protected":false},"author":1,"featured_media":535,"parent":0,"menu_order":0,"comment_status":"closed","ping_status":"closed","template":"","meta":[],"_links":{"self":[{"href":"https:\/\/pa.globestarsrl.com\/it\/wp-json\/wp\/v2\/pages\/1110"}],"collection":[{"href":"https:\/\/pa.globestarsrl.com\/it\/wp-json\/wp\/v2\/pages"}],"about":[{"href":"https:\/\/pa.globestarsrl.com\/it\/wp-json\/wp\/v2\/types\/page"}],"author":[{"embeddable":true,"href":"https:\/\/pa.globestarsrl.com\/it\/wp-json\/wp\/v2\/users\/1"}],"replies":[{"embeddable":true,"href":"https:\/\/pa.globestarsrl.com\/it\/wp-json\/wp\/v2\/comments?post=1110"}],"version-history":[{"count":0,"href":"https:\/\/pa.globestarsrl.com\/it\/wp-json\/wp\/v2\/pages\/1110\/revisions"}],"wp:featuredmedia":[{"embeddable":true,"href":"https:\/\/pa.globestarsrl.com\/it\/wp-json\/wp\/v2\/media\/535"}],"wp:attachment":[{"href":"https:\/\/pa.globestarsrl.com\/it\/wp-json\/wp\/v2\/media?parent=1110"}],"curies":[{"name":"wp","href":"https:\/\/api.w.org\/{rel}","templated":true}]}}