{"id":1112,"date":"2018-01-29T17:07:11","date_gmt":"2018-01-29T16:07:11","guid":{"rendered":"https:\/\/pa.globestarsrl.com\/?page_id=1112\/"},"modified":"2018-01-29T17:07:11","modified_gmt":"2018-01-29T16:07:11","slug":"disclaimer","status":"publish","type":"page","link":"https:\/\/pa.globestarsrl.com\/it\/disclaimer\/","title":{"rendered":"disclaimer"},"content":{"rendered":"<p align=\"left\"><strong>Modalit\u00e0 e condizioni di utilizzo del sito web<\/strong><br \/>\nChiunque acceda o utilizzi in qualsiasi maniera questo sito web accetta senza restrizioni di essere vincolato dalle condizioni qui specificate. Se non le accetta o non intende essere vincolato dalle stesse, non pu\u00f2 accedere, utilizzare o scaricare materiale da questo sito.<br \/>\nIn qualsiasi momento, GlobeStar srl si riserva il diritto di aggiornare o variare le presenti condizioni e le modalit\u00e0 di utilizzo del sito web, senza alcun obbligo di preavviso. Nel caso di modifiche alle condizioni, l&#8217;accesso al sito web implica l&#8217;impegno a rispettare le condizioni cos\u00ec come modificate.<\/p>\n<p><strong>Normativa applicabile<\/strong><br \/>\nTutti i contenuti pubblicati o presenti sul sito web, compresa la loro selezione e organizzazione nonch\u00e9 la disposizione e il design del sito web, sono protetti dalla normativa sulla privacy (Dlgs. 30\/6\/2003, n. 196), dalla legge sul diritto d&#8217;autore (Legge 22\/4\/1941, n. 633, come modificata dal Dlgs. 29\/12\/1992 n. 518, sulla Tutela giuridica del software) e dalle altre normative nazionali e internazionali in materia di tutela della propriet\u00e0 intellettuale e industriale, loro modifiche e integrazioni.<\/p>\n<p><strong>Titolarit\u00e0 dei diritti<\/strong><br \/>\nIl presente sito web \u00e8 di titolarit\u00e0 e pertinenza esclusiva di GlobeStar srl; \u00e8 stata formalmente ottenuta l&#8217;assegnazione del nome a dominio internet, secondo le metodologie e procedure vigenti al momento della richiesta di assegnazione.<br \/>\nSi precisa inoltre quanto segue:<\/p>\n<ol>\n<li>provider\/operatore di telecomunicazione: Active Network spa;<\/li>\n<li>fornitore di hosting: Aruba spa;<\/li>\n<li>fornitore di contenuto, che immette i contenuti nel sito e nelle singole pagine web e che fornisce la consulenza per la realizzazione e la gestione del sito: Loto Servizi srl;<\/li>\n<li>fornitore sito web: Loto Servizi srl;<\/li>\n<li>il nome a dominio \u00e8 registrato GlobeStar srl.<\/li>\n<\/ol>\n<p align=\"left\">\nI diritti sui Contenuti appartengono a GlobeStar srl. Alcune pagine Internet di questo sito web possono contenere anche materiale soggetto ai diritti d&#8217;autore di coloro che lo hanno messo a disposizione. Con la loro pubblicazione, GlobeStar srl non trasmette alcun diritto su nessuno dei contenuti del sito web.<\/p>\n<p><strong>Contenuti e scopo o del sito<\/strong><br \/>\nI contenuti del sito web sono stati studiati nel rispetto delle leggi italiane e delle direttive dell&#8217;Unione Europea, ivi comprese quelle per la protezione delle opere letterarie e artistiche, e sono rivolti a utenti nazionali e internazionali.<br \/>\nScopo del sito \u00e8 la diffusione tramite internet, per finalit\u00e0 informative e pubblicitarie, di notizie relative all&#8217;azienda GlobeStar srl \u00a0e alla fornitura di servizi on-line.<\/p>\n<p>GlobeStar srl conferma che:<\/p>\n<ul>\n<li>adotta idonee procedure per garantire standard di accuratezza, completezza, adeguatezza, aggiornamento, tempestivit\u00e0 delle informazioni contenute nel sito web;<\/li>\n<li>si impegna a eliminare nel minor tempo possibile eventuali errori tecnici o tipografici;<\/li>\n<li>si riserva in ogni momento il diritto di apportare, senza preavviso e a propria discrezione, modifiche ai contenuti e alle modalit\u00e0 funzionali ed operative del sito web e dei servizi offerti.<\/li>\n<\/ul>\n<p align=\"left\">\nIl Contenuto, in ogni sua parte, pu\u00f2 essere riprodotto solo con il preventivo consenso scritto di GlobeStar srl, con il previo consenso scritto dei Licenzianti di GlobeStar srl.<\/p>\n<p><strong>Regime di utilizzazione dei materiali pubblicati all&#8217;interno del sito e di riproduzione da parte di terzi<\/strong><\/p>\n<p><strong>1. Comportamenti ammessi<\/strong><br \/>\nL&#8217;accesso al sito web ai suoi contenuti, come visitatore non registrato o registrato, \u00e8 consentito solo per gli scopi ammessi da GlobeStar srl t e evidenziati su questo stesso sito web.<br \/>\nIl sito web e i dati ivi contenuti possono essere consultati solo per uso personale (ad esempio per propria informazione, ricerca, studio).<\/p>\n<p><strong>2. Comportamenti\u00a0 vietati<\/strong><br \/>\nIn ogni caso, l&#8217;utente non pu\u00f2 utilizzare o far utilizzare a fini commerciali a terzi il sito web e i dati ivi contenuti. Qualsiasi utilizzo per intento o utilit\u00e0 commerciale o di sfruttamento economico da parte degli utenti \u00e8 pertanto sempre espressamente vietato.<\/p>\n<p>Sono altres\u00ec in ogni caso vietati:<\/p>\n<ul>\n<li>la modifica del sito web o di qualsiasi suo contenuto o modalit\u00e0 di accesso;<\/li>\n<li>i comportamenti che costituiscono reato ai sensi delle normative vigenti (per esempio i cosiddetti crimini informatici, come la violazione del domicilio informatico);<\/li>\n<li>i comportamenti intesi a frazionare parti o sezioni del presente sito e\/o a incorporarle in altri siti di soggetti terzi, a modificare, copiare, riprodurre, ripubblicare, caricare da programma, rendere pubblico, trasmettere o distribuire in alcun modo il Contenuto, in tutto o in parte, compresi codici e software senza il preventivo assenso di GlobeStar srl o in violazione delle presenti condizioni;<\/li>\n<li>il tentativo di accesso alle aree riservate del sito web senza profilo di autorizzazione;<\/li>\n<li>il caricamento di programmi informatici, file e altri materiali contenenti caratteristiche distruttive o di disturbo quali virus, file manipolati, file &#8220;nascosti&#8221; (come ad es. immagini nelle quali sono integrati file audio), worm, cavalli di troia o bot a scopo di scrolling o per il lancio di schermate multiple e per ulteriori attivit\u00e0 in genere in grado di disturbare l&#8217;integrit\u00e0 o la funzionalit\u00e0 o la comunicazione on line del sito web;<\/li>\n<li>in generale, l&#8217;utilizzo che causi o possa causare danneggiamento, interruzione o limitazione di questo sito web o di suoi servizi;<\/li>\n<li>la raccolta non autorizzata, tramite il sito web, di informazioni personali su terzi (per esempio indirizzi di posta elettronica).<\/li>\n<\/ul>\n<p align=\"left\">\n<strong>3. Comportamenti vietati &#8211; Conseguenze<\/strong><br \/>\nFatto salvo ogni eventuale diritto, facolt\u00e0 o potere dei terzi, in caso di adozione di comportamenti vietati GlobeStar srl si riserva la possibilit\u00e0 di agire a norma di legge.<br \/>\nQualora vengano riscontrate violazioni delle condizioni d&#8217;uso del sito, GlobeStar srl si riserva la facolt\u00e0 di adottare senza alcun preavviso ogni azione correttiva, inclusa l&#8217;esclusione del visitatore\/utente dall&#8217;accesso al sito e ai suoi servizi e la rimozione di ogni materiale inserito sul sito dallo stesso visitatore\/utente, senza assunzione di alcuna responsabilit\u00e0 in proposito, n\u00e9 diretta n\u00e9 indiretta.<br \/>\nGlobeStar srl si impegna sin d&#8217;ora a collaborare con le Autorit\u00e0 competenti anche ai fini della tempestiva identificazione degli autori degli illeciti.<\/p>\n<p><strong>Collegamenti con Altri Siti Web<\/strong><br \/>\nNel sito GlobeStar srl possono essere presenti collegamenti (link) ad altri siti di soggetti terzi.<br \/>\nCon il collegamento ad altri siti, si esce volontariamente dal sito web GlobeStar srl e si viene indirizzati verso pagine web di siti della rete diversi dal presente sito web.<br \/>\nGlobeStar srl si impegna a richiedere preventivamente l&#8217;autorizzazione per il collegamento a un qualunque sito web di soggetti terzi.<br \/>\nGli utenti che, tramite link presenti nel sito web, decidono di accedere ad altri siti web collegati si assumono tutti i rischi correlati a tale decisione. GlobeStar srl non \u00e8 responsabile del contenuto di eventuali siti accessibili tramite &#8220;links&#8221; che non sono sotto il controllo di GlobeStar srl.<br \/>\nFatti salvi gli accordi con terzi interessati, GlobeStar srl si riserva il diritto di eliminare in ogni momento qualsiasi link o programma di collegamento.<br \/>\nL&#8217;Utente che volesse inserire nella propria &#8220;homepage&#8221; un link al presente sito web dovr\u00e0 chiedere l&#8217;autorizzazione a GlobeStar srl inoltrando richiesta scritta all&#8217;attenzione del servizio Marketing. GlobeStar srl si riserva di valutare la richiesta e di concedere l&#8217;autorizzazione in assoluta discrezionalit\u00e0.<br \/>\nIl cosiddetto &#8220;deep linking&#8221; \u00e8 severamente proibito: tutti i link per questo sito web devono condurre alla homepage del sito web e devono chiarire che questo sito web e i suoi contenuti vanno considerati separatamente dal sito che contiene il link; devono altres\u00ec evidenziare che la propriet\u00e0 e l&#8217;esercizio di questo sito web \u00e8 di GlobeStar srl, senza alcuna condivisione del contenuto del sito che attiva il collegamento.<br \/>\nAnalogamente, \u00e8 proibito il ricorso alla tecnica del &#8220;framing&#8221;.<\/p>\n<p><strong>Responsabilit\u00e0<\/strong><br \/>\nN\u00e8 GlobeStar srl (termine che ai fini del presente paragrafo deve ritenersi comprendere anche gli amministratori, sindaci, dirigenti, dipendenti, agenti e consulenti di GlobeStar srl) n\u00e8 nessun altro Licenziante di GlobeStar srl, pu\u00f2 essere ritenuta responsabile per fatti e\/o danni che possano derivare all&#8217;utente e\/o a terzi dall&#8217;uso del presente sito e\/o del Contenuto.<br \/>\nGlobeStar srl non pu\u00f2 essere ritenuta responsabile per eventuali fatti e\/o danni causati da azioni da essa intraprese a seguito di comportamenti vietati dell&#8217;utente o di terzi.<br \/>\nGlobeStar srl, inoltre, non pu\u00f2 essere considerata responsabile per problemi derivanti all&#8217;utente da interruzioni, sospensioni, ritardi o anomalie nell&#8217;erogazione del servizio dipendenti dalla fornitura di energia elettrica o del servizio telefonico\/telematico, oppure da altre cause collegate al mezzo tecnico tramite il quale il Contenuto viene trasmesso, non dipendenti da GlobeStar srl.<br \/>\nGlobeStar srl, nonostante i propri continui sforzi tesi a migliorare i servizi offerti, non pu\u00f2 garantire in maniera assoluta n\u00e9 la precisione n\u00e9 la costante attualit\u00e0 del Contenuto del sito web.<\/p>\n<p><strong>Definizioni<\/strong><\/p>\n<ul>\n<li>per &#8220;Note legali&#8221;: i presenti termini o condizioni;<\/li>\n<li>per &#8220;sito web&#8221; o &#8220;sito&#8221;: homepage del sito\u00a0<a href=\"https:\/\/localhost\/globestarsrl.com\/undefined\/\">www.globestarsrl.com<\/a>\u00a0e pagine internet in questa contenute o altra raccolta di informazioni e\/o applicazioni gestite da GlobeStar srl e messe a disposizione con accesso mediante apparecchiature informatiche quali PC, computer portatili, telefoni cellulari, computer palmari, macchine fotografiche digitali, apparecchi televisivi o altri dispositivi di rete per reti collegate fisicamente o senza fili;<\/li>\n<li>per &#8220;contenuti&#8221;: pagine web, documenti testuali, contenuti redazionali, comunicazioni, disegni, grafica, immagini e fotografie, banche dati, software e ogni altro materiale audiovisivo di qualunque tipo e natura;<\/li>\n<li>per &#8220;servizi&#8221;: tutte quelle funzioni, dispositivi, applicazioni, informazioni o altre prestazioni disponibili tramite questo sito web;<\/li>\n<li>per &#8220;visitatore&#8221; o &#8220;utente&#8221;: qualsiasi persona che acceda al sito web, con o senza il permesso di GlobeStar srl, o che lo utilizzi, indipendentemente dall&#8217;essersi &#8220;registrato&#8221;;<\/li>\n<li>per &#8220;framing&#8221;: l&#8217;inserimento della pagina &#8220;chiamata&#8221; (linkata), appartenente a un certo sito, all&#8217;interno della struttura di un diverso sito &#8220;chiamante&#8221; (linkante);<\/li>\n<li>per &#8220;deep link&#8221;: il richiamo diretto, contenuto in un sito, a una determinata pagina di un diverso sito, senza transitare per la &#8220;home page&#8221; di quest&#8217;ultimo sito<\/li>\n<\/ul>\n","protected":false},"excerpt":{"rendered":"<p>Modalit\u00e0 e condizioni di utilizzo del sito web Chiunque acceda o utilizzi in qualsiasi maniera questo sito web accetta senza restrizioni di essere vincolato dalle condizioni qui specificate. Se non le accetta o non intende essere vincolato dalle stesse, non pu\u00f2 accedere, utilizzare o scaricare materiale da questo sito. In qualsiasi momento, GlobeStar srl si [&hellip;]<\/p>\n","protected":false},"author":1,"featured_media":0,"parent":0,"menu_order":0,"comment_status":"closed","ping_status":"closed","template":"","meta":[],"_links":{"self":[{"href":"https:\/\/pa.globestarsrl.com\/it\/wp-json\/wp\/v2\/pages\/1112"}],"collection":[{"href":"https:\/\/pa.globestarsrl.com\/it\/wp-json\/wp\/v2\/pages"}],"about":[{"href":"https:\/\/pa.globestarsrl.com\/it\/wp-json\/wp\/v2\/types\/page"}],"author":[{"embeddable":true,"href":"https:\/\/pa.globestarsrl.com\/it\/wp-json\/wp\/v2\/users\/1"}],"replies":[{"embeddable":true,"href":"https:\/\/pa.globestarsrl.com\/it\/wp-json\/wp\/v2\/comments?post=1112"}],"version-history":[{"count":0,"href":"https:\/\/pa.globestarsrl.com\/it\/wp-json\/wp\/v2\/pages\/1112\/revisions"}],"wp:attachment":[{"href":"https:\/\/pa.globestarsrl.com\/it\/wp-json\/wp\/v2\/media?parent=1112"}],"curies":[{"name":"wp","href":"https:\/\/api.w.org\/{rel}","templated":true}]}}